{"id":7,"date":"2014-01-21T20:58:26","date_gmt":"2014-01-21T19:58:26","guid":{"rendered":"http:\/\/fulviadilettuso.com\/home\/?page_id=7"},"modified":"2023-09-01T15:10:17","modified_gmt":"2023-09-01T13:10:17","slug":"chisono","status":"publish","type":"page","link":"https:\/\/fulviadilettuso.com\/home\/chisono\/","title":{"rendered":"CHI SONO"},"content":{"rendered":"\n<figure class=\"wp-block-image size-large is-resized\"><a href=\"https:\/\/fulviadilettuso.com\/home\/wp-content\/uploads\/2023\/09\/WhatsApp-Image-2023-09-01-at-15.09.21.jpeg\"><img decoding=\"async\" loading=\"lazy\" src=\"https:\/\/fulviadilettuso.com\/home\/wp-content\/uploads\/2023\/09\/WhatsApp-Image-2023-09-01-at-15.09.21-1024x1019.jpeg\" alt=\"\" class=\"wp-image-207\" width=\"277\" height=\"274\"\/><\/a><\/figure>\n\n\n\n<p><\/p>\n\n\n\n<p class=\"has-text-align-left\"><em>Fulvia Dilettuso psicologa, psicoterapeuta, specialista in psicologia clinica, formatrice vocale. Lavoro privatamente con individui e gruppi. Conduco laboratori e percorsi di consapevolezza psicocorporea. Sono psicoterapeuta EMDR (Eye Movement Desensitization and Reprocessing, tecnica specifica per eventi traumatici), Provider certificata del Metodo TRE\u00ae (Tension, Stress &amp; Trauma Release Exercises), Compassion Focused Therapist<\/em>, <em>esperta di vocalit\u00e0, canto e artiterapie.<\/em><\/p>\n\n\n\n<p><em>Il mio lavoro consiste nell&#8217;accompagnare gli individui e i gruppi in percorsi terapeutici, di crescita personale e cambiamento attraverso l&#8217;ascolto, il dialogo, l&#8217;esperienza della propria creativit\u00e0 e delle proprie risorse psicocorporee.&nbsp;<\/em><\/p>\n\n\n\n<p><em>Cerco di imparare da ogni esperienza che mi trovo a vivere. Imparo dai libri che leggo, dai miei insegnanti, dalla collaborazione e dal confronto con i colleghi. Imparo tantissimo dai pazienti che seguo nei miei diversi contesti lavorativi, dagli allievi nei miei percorsi formativi, da tutte le persone che incontro. Imparo dalla natura e dai miei amici animali che continuamente mi insegnano l\u2019importanza del rispetto per ci\u00f2 che \u00e8 altro da me. Imparo dai bambini, giorno dopo giorno, di che materia \u00e8 fatta la Relazione fra gli individui. Imparo dalla voce, mia, altrui, a cogliere traiettorie effimere e impalpabili di sguardi e storie che si intrecciano.<\/em><\/p>\n\n\n\n<p><em>Credo fortemente nelle capacit\u00e0 che ognuno possiede nel suo profondo, uniche, molte volte sopite o rese fragili dalla sofferenza e dalla necessit\u00e0 di difendersi. <\/em><\/p>\n\n\n\n<p><em>Intraprendere un percorso psicologico esplorativo, espressivo, conoscitivo, implica necessariamente una messa in gioco, un aumento della propria capacit\u00e0 di \u201csentire\u201d, un\u2019esposizione alla relazione che pu\u00f2 fare paura. Implica il contatto e la conoscenza con il proprio dolore. Ma anche con le proprie risorse, il piacere, la propria creativit\u00e0, la saggezza del corpo, la propria \u201cpresenza\u201d nel mondo nel \u201cqui ed ora\u201d. E quindi con la possibilit\u00e0 della crescita e del cambiamento.<\/em><\/p>\n\n\n\n<p>Se ti interessa ecco il mio <a href=\"https:\/\/fulviadilettuso.com\/home\/wp-content\/uploads\/2023\/03\/FulviaDilettuso.pdf\" data-type=\"attachment\" data-id=\"128\">Curriculum dettagliato<\/a><\/p>\n","protected":false},"excerpt":{"rendered":"<p>Fulvia Dilettuso psicologa, psicoterapeuta, specialista in psicologia clinica, formatrice vocale. Lavoro privatamente con individui e gruppi. Conduco laboratori e percorsi di consapevolezza psicocorporea. Sono psicoterapeuta EMDR (Eye Movement Desensitization and Reprocessing, tecnica specifica per eventi traumatici), Provider certificata del Metodo TRE\u00ae (Tension, Stress &amp; Trauma Release Exercises), Compassion Focused Therapist,&#8230;<\/p>\n<p> <a class=\"continue-reading-link\" href=\"https:\/\/fulviadilettuso.com\/home\/chisono\/\"><span>Continue reading<\/span><i class=\"crycon-right-dir\"><\/i><\/a> <\/p>\n","protected":false},"author":1,"featured_media":0,"parent":0,"menu_order":0,"comment_status":"closed","ping_status":"closed","template":"","meta":[],"_links":{"self":[{"href":"https:\/\/fulviadilettuso.com\/home\/wp-json\/wp\/v2\/pages\/7"}],"collection":[{"href":"https:\/\/fulviadilettuso.com\/home\/wp-json\/wp\/v2\/pages"}],"about":[{"href":"https:\/\/fulviadilettuso.com\/home\/wp-json\/wp\/v2\/types\/page"}],"author":[{"embeddable":true,"href":"https:\/\/fulviadilettuso.com\/home\/wp-json\/wp\/v2\/users\/1"}],"replies":[{"embeddable":true,"href":"https:\/\/fulviadilettuso.com\/home\/wp-json\/wp\/v2\/comments?post=7"}],"version-history":[{"count":17,"href":"https:\/\/fulviadilettuso.com\/home\/wp-json\/wp\/v2\/pages\/7\/revisions"}],"predecessor-version":[{"id":208,"href":"https:\/\/fulviadilettuso.com\/home\/wp-json\/wp\/v2\/pages\/7\/revisions\/208"}],"wp:attachment":[{"href":"https:\/\/fulviadilettuso.com\/home\/wp-json\/wp\/v2\/media?parent=7"}],"curies":[{"name":"wp","href":"https:\/\/api.w.org\/{rel}","templated":true}]}}