{"id":154,"date":"2023-03-18T18:02:10","date_gmt":"2023-03-18T17:02:10","guid":{"rendered":"http:\/\/fulviadilettuso.com\/home\/?page_id=154"},"modified":"2023-03-19T11:51:00","modified_gmt":"2023-03-19T10:51:00","slug":"conoscersi-attraverso-la-voce-e-il-canto","status":"publish","type":"page","link":"https:\/\/fulviadilettuso.com\/home\/conoscersi-attraverso-la-voce-e-il-canto\/","title":{"rendered":"Conoscersi attraverso la voce e il canto"},"content":{"rendered":"\n<p> <\/p>\n\n\n\n<figure class=\"wp-block-image size-medium is-resized\"><a href=\"https:\/\/fulviadilettuso.com\/home\/wp-content\/uploads\/2023\/03\/20180407_lavoceeilcorpo_ilcantoelapersona-9.jpg\"><img decoding=\"async\" loading=\"lazy\" src=\"https:\/\/fulviadilettuso.com\/home\/wp-content\/uploads\/2023\/03\/20180407_lavoceeilcorpo_ilcantoelapersona-9-300x200.jpg\" alt=\"\" class=\"wp-image-131\" width=\"613\" height=\"409\" srcset=\"https:\/\/fulviadilettuso.com\/home\/wp-content\/uploads\/2023\/03\/20180407_lavoceeilcorpo_ilcantoelapersona-9-300x200.jpg 300w, https:\/\/fulviadilettuso.com\/home\/wp-content\/uploads\/2023\/03\/20180407_lavoceeilcorpo_ilcantoelapersona-9-768x512.jpg 768w, https:\/\/fulviadilettuso.com\/home\/wp-content\/uploads\/2023\/03\/20180407_lavoceeilcorpo_ilcantoelapersona-9-150x100.jpg 150w, https:\/\/fulviadilettuso.com\/home\/wp-content\/uploads\/2023\/03\/20180407_lavoceeilcorpo_ilcantoelapersona-9.jpg 1024w\" sizes=\"(max-width: 613px) 100vw, 613px\" \/><\/a><figcaption class=\"wp-element-caption\"><sub>foto Kyoko Ide<\/sub><\/figcaption><\/figure>\n\n\n\n<p><strong>Percorsi terapeutico \u2013 espressivi attraverso l\u2019esplorazione della propria voce<\/strong><\/p>\n\n\n\n<p>Quali sono le potenzialit\u00e0 di un lavoro con la vocalit\u00e0?<\/p>\n\n\n\n<p>La voce viene intesa come espressione di s\u00e9, della propria identit\u00e0, prodotto dunque di un&#8217;esperienza complessa.<\/p>\n\n\n\n<p>Il percorso si snoda attraverso la scoperta delle numerose sfumature insite all\u2019interno delle proprie potenzialit\u00e0 vocali, come manifestazione della propria personalit\u00e0. La voce viene quindi analizzata come strumento di comunicazione: l&#8217;acquisizione di una maggiore consapevolezza nell&#8217;utilizzo della propria voce vuole essere uno strumento di maggiore conoscenza di s\u00e9, del proprio corpo come rappresentazione relazionale dinamica delle proprie esperienze passate ed attuali, e in cui individuare nuclei organizzatori della propria prospettiva futura, nell\u2019ottica di promuovere l\u2019integrazione della persona.<\/p>\n\n\n\n<p>L&#8217;ulteriore risvolto di questo lavoro \u00e8 la possibilit\u00e0 di acquisire un utilizzo corretto e maggiormente consapevole della propria voce, nel rispetto delle proprie peculiarit\u00e0 oltre che potenzialit\u00e0, con la scoperta del piacere di \u201cesserci\u201d, attraverso tale modalit\u00e0 espressiva.<\/p>\n\n\n\n<p>La voce viene esplorata attraverso esercizi di riscaldamento, esercizi esplorativi, esperienze psicofisiologiche vocali.<\/p>\n\n\n\n<p>Nel percorso vengono approfondite diverse tematiche: respirazione, postura, attacco del suono, dinamica vocale nel movimento globale del corpo, timbro, risuonatori e consuonatori, registri vocali, qualit\u00e0 emozionali, intenzione e motivazione nell\u2019interpretazione.<\/p>\n\n\n\n<p>Il percorso viene svolto online.<\/p>\n","protected":false},"excerpt":{"rendered":"<p>Percorsi terapeutico \u2013 espressivi attraverso l\u2019esplorazione della propria voce Quali sono le potenzialit\u00e0 di un lavoro con la vocalit\u00e0? La voce viene intesa come espressione di s\u00e9, della propria identit\u00e0, prodotto dunque di un&#8217;esperienza complessa. Il percorso si snoda attraverso la scoperta delle numerose sfumature insite all\u2019interno delle proprie potenzialit\u00e0&#8230;<\/p>\n<p> <a class=\"continue-reading-link\" href=\"https:\/\/fulviadilettuso.com\/home\/conoscersi-attraverso-la-voce-e-il-canto\/\"><span>Continue reading<\/span><i class=\"crycon-right-dir\"><\/i><\/a> <\/p>\n","protected":false},"author":1,"featured_media":0,"parent":0,"menu_order":0,"comment_status":"closed","ping_status":"closed","template":"","meta":[],"_links":{"self":[{"href":"https:\/\/fulviadilettuso.com\/home\/wp-json\/wp\/v2\/pages\/154"}],"collection":[{"href":"https:\/\/fulviadilettuso.com\/home\/wp-json\/wp\/v2\/pages"}],"about":[{"href":"https:\/\/fulviadilettuso.com\/home\/wp-json\/wp\/v2\/types\/page"}],"author":[{"embeddable":true,"href":"https:\/\/fulviadilettuso.com\/home\/wp-json\/wp\/v2\/users\/1"}],"replies":[{"embeddable":true,"href":"https:\/\/fulviadilettuso.com\/home\/wp-json\/wp\/v2\/comments?post=154"}],"version-history":[{"count":4,"href":"https:\/\/fulviadilettuso.com\/home\/wp-json\/wp\/v2\/pages\/154\/revisions"}],"predecessor-version":[{"id":178,"href":"https:\/\/fulviadilettuso.com\/home\/wp-json\/wp\/v2\/pages\/154\/revisions\/178"}],"wp:attachment":[{"href":"https:\/\/fulviadilettuso.com\/home\/wp-json\/wp\/v2\/media?parent=154"}],"curies":[{"name":"wp","href":"https:\/\/api.w.org\/{rel}","templated":true}]}}